{"id":390,"date":"2022-11-08T15:38:31","date_gmt":"2022-11-08T15:38:31","guid":{"rendered":"https:\/\/bft24.com\/page\/?page_id=390"},"modified":"2022-11-08T22:15:08","modified_gmt":"2022-11-08T22:15:08","slug":"raporty-finansowe","status":"publish","type":"page","link":"https:\/\/bft24.com\/page\/?page_id=390","title":{"rendered":"Raporty finansowe"},"content":{"rendered":"\n<p><strong>XBRL<\/strong>&nbsp;(<a href=\"https:\/\/pl.wikipedia.org\/wiki\/J%C4%99zyk_angielski\">ang.<\/a><em>&nbsp;Extensible Business Reporting Language<\/em>)jest to rozszerzalny j\u0119zyk sprawozdawczo\u015bci finansowej. Zosta\u0142 stworzony w celu ujednolicenia i uproszczenia j\u0119zyka sprawozdawczo\u015bci finansowej, do wymiany informacji, danych finansowych i biznesowych. Przy\u015bpiesza raportowanie oraz analiz\u0119 tych informacji.&nbsp; &nbsp;&nbsp;&nbsp;&nbsp;&nbsp;&nbsp;&nbsp;&nbsp;&nbsp;&nbsp;&nbsp;&nbsp;&nbsp;&nbsp;&nbsp;&nbsp;&nbsp;&nbsp;&nbsp;&nbsp;&nbsp;&nbsp;&nbsp;&nbsp;&nbsp;&nbsp;&nbsp;&nbsp;&nbsp;&nbsp;&nbsp;&nbsp;&nbsp;&nbsp;&nbsp;&nbsp;&nbsp;&nbsp;&nbsp;&nbsp;&nbsp;&nbsp;&nbsp;&nbsp;&nbsp;&nbsp;&nbsp;&nbsp;&nbsp;&nbsp;<\/p>\n\n\n\n<p>&nbsp;Zgodnie z rozporz\u0105dzeniem Komisji Europejskiej pocz\u0105wszy od dnia 01.01.2020 r. jednostki b\u0119d\u0105ce emitentami papier\u00f3w warto\u015bciowych dopuszczonych do obrotu na rynkach regulowanych na terytorium Unii Europejskiej maj\u0105 obowi\u0105zek sporz\u0105dzania raport\u00f3w rocznych w jednolitym europejskim formacie raportowania \u201eESEF\u201d (ang.&nbsp;European Single Electronic Format). &nbsp;Wszystkie skonsolidowane roczne sprawozdania finansowe maj\u0105 by\u0107 sporz\u0105dzane wed\u0142ug Mi\u0119dzynarodowych Standard\u00f3w Sprawozdawczo\u015bci Finansowej (MSSF, ang. IFRS) i znakowane\/tagowane przy u\u017cyciu&nbsp;j\u0119zyka znacznik\u00f3w&nbsp;<a href=\"https:\/\/www.comarch.pl\/esef\/#xbrl\">XBRL<\/a>.&nbsp;&nbsp;&nbsp;&nbsp;&nbsp;&nbsp;&nbsp;<\/p>\n\n\n\n<p>XBRL jest oparty na&nbsp;j\u0119zyku <a href=\"https:\/\/pl.wikipedia.org\/wiki\/XML\">XML<\/a>, dzi\u0119ki czemu nie jest zwi\u0105zany z \u017cadn\u0105 platform\u0105 sprz\u0119tow\u0105 czy programow\u0105.&nbsp;&nbsp; XBRL to technologia znakowania (tagowania) informacji, kt\u00f3ra umo\u017cliwia ich identyfikacj\u0119 i opis w ramach sprawozdania finansowego danej jednostki. Znaczniki (tags) XBRL s\u0105 zamieszczone w dokumencie XHTML, czyli w formacie jaki maj\u0105 skonsolidowane sprawozdania finansowe, a kt\u00f3ry jest mo\u017cliwy do odczytania przez ka\u017cd\u0105 przegl\u0105dark\u0119 nternetow\u0105<\/p>\n\n\n\n<p>Podstawow\u0105 cech\u0105 j\u0119zyka XBRL jest jednoznaczna identyfikacja semantyki element\u00f3w sprawozdania, poprzez odniesienie ka\u017cdego z nich do pewnego s\u0142ownika, zwanego taksonomi\u0105 XBRL (<a href=\"https:\/\/pl.wikipedia.org\/wiki\/J%C4%99zyk_angielski\">ang.<\/a>&nbsp;<em>XBRL Taxonomy)<\/em>. Taksonomia tworzy zestaw informacji kt\u00f3re okre\u015blaj\u0105 i klasyfikuj\u0105 poj\u0119cia wyst\u0119puj\u0105ce w sprawozdaniach finansowych. Umo\u017cliwia r\u00f3wnie\u017c hierarchizowanie struktur, a tak\u017ce ich wzajemne zale\u017cno\u015bci. Stanowi rodzaj s\u0142ownika umo\u017cliwiaj\u0105cego przypisanie wybranej pozycji, kwocie w sprawozdaniu finansowym \u201eznaczenia\u201d w postaci warto\u015bci opisywanej w standardach rachunkowo\u015bci (MSSF), niezale\u017cnie od tego, jak\u0105 nazw\u0119 tw\u00f3rca sprawozdania, stosuje w odniesieniu do danej pozycji w swoim sprawozdaniu. Ka\u017cdy element, ka\u017cda liczba sprawozdania finansowego jest powi\u0105zana z tym s\u0142ownikiem, taksonomi\u0105 XBRL &#8211; ma przypisane atrybuty takie jak m.in. waluta, poziom zaokr\u0105gle\u0144 czy okres kt\u00f3rego dotyczy.&nbsp;<\/p>\n\n\n\n<p>Taksonomia jest zatem zbiorem wiedzy na temat zestawu wska\u017anik\u00f3w ekonomicznych jakie powinny by\u0107 uwzgl\u0119dnione w sprawozdaniach finansowych. Opr\u00f3cz definicji parametr\u00f3w, specyfikacja opisuje regu\u0142y ich walidacji oraz zasady prezentacji na oficjalnych zestawieniach.&nbsp;<\/p>\n\n\n\n<p>Ka\u017cde ze sprawozda\u0144 posiada ujednolicon\u0105 struktur\u0119 zawieraj\u0105c\u0105 informacje o&nbsp;wska\u017anikach ekonomicznych takich jak m.in. przychody, EBITA, wska\u017aniki zwi\u0105zane z&nbsp;p\u0142ynno\u015bci\u0105 firmy. <\/p>\n\n\n\n<p>Dokument zawieraj\u0105cy informacje finansowe nosi nazw\u0119 instancji XBRL (<a href=\"https:\/\/pl.wikipedia.org\/wiki\/J%C4%99zyk_angielski\">ang.<\/a>&nbsp;<em>XBRL Instance<\/em>). Jest to dokument elektroniczny. <a href=\"https:\/\/mfiles.pl\/pl\/index.php\/Sprawozdanie_finansowe\">Sprawozdanie finansowe<\/a>&nbsp;zawarte w tym dokumencie mo\u017ce mie\u0107 dowoln\u0105 tre\u015b\u0107, struktur\u0119 i kolejno\u015b\u0107, poniewa\u017c wszelka&nbsp;<a href=\"https:\/\/mfiles.pl\/pl\/index.php\/Kategoria\">kategoria<\/a>&nbsp;finansowa (financial facts) dzi\u0119ki oznaczeniu za pomoc\u0105 identyfikator\u00f3w (tags) posiada jednoznacznie i klarownie zdefiniowane i oznaczone cechy np. kwota, data,&nbsp;<a href=\"https:\/\/mfiles.pl\/pl\/index.php\/Waluta\">waluta<\/a>. <\/p>\n\n\n\n<p>Inline XBRL (iXBRL)&nbsp;jest to specjalna wersja standardu XBRL, kt\u00f3ra \u0142\u0105czy w sobie zalety j\u0119zyka HTML i XBRL. Sam standard XBRL to kod, kt\u00f3ry bez zastosowania odpowiedniego oprogramowania nie jest czytelny, natomiast dzi\u0119ki temu po\u0142\u0105czeniu sprawozdania mog\u0105 by\u0107 odczytywane za pomoc\u0105 przegl\u0105darek internetowych. Inline XBRL stosowany jest na ca\u0142ym \u015bwiecie, r\u00f3wnie\u017c przez kraje Unii Europejskiej, w tym Polsk\u0119.&nbsp;&nbsp;&nbsp;&nbsp;&nbsp;&nbsp;&nbsp;&nbsp;&nbsp;&nbsp;&nbsp;&nbsp;&nbsp;&nbsp;&nbsp;&nbsp;&nbsp;&nbsp;&nbsp;&nbsp;&nbsp;&nbsp;&nbsp;&nbsp;&nbsp;&nbsp;&nbsp;&nbsp;&nbsp;&nbsp;&nbsp;&nbsp;&nbsp;&nbsp;&nbsp;&nbsp; <\/p>\n\n\n\n<p>&nbsp;Jednym z ciekawszych rozwi\u0105za\u0144, kt\u00f3re wspiera firmy w realizacji sprawozdawczo\u015bci finansowej, jest rozwi\u0105zanie sp\u00f3\u0142ki BFT24.COM.&nbsp;&nbsp;&nbsp;&nbsp;&nbsp;&nbsp;&nbsp;&nbsp;&nbsp;&nbsp;&nbsp;&nbsp;&nbsp;&nbsp;&nbsp;&nbsp;&nbsp;&nbsp;&nbsp;&nbsp;&nbsp;&nbsp;&nbsp;&nbsp;&nbsp;&nbsp;&nbsp;&nbsp;&nbsp;&nbsp;&nbsp;&nbsp;&nbsp;&nbsp;&nbsp;&nbsp;&nbsp;&nbsp;&nbsp;&nbsp;&nbsp; &nbsp;&nbsp;&nbsp;&nbsp;&nbsp;&nbsp;&nbsp;&nbsp;&nbsp;&nbsp;&nbsp;&nbsp;&nbsp;&nbsp;&nbsp;&nbsp;&nbsp;&nbsp;&nbsp;&nbsp;&nbsp;&nbsp;&nbsp;&nbsp;&nbsp;&nbsp;&nbsp;&nbsp;&nbsp;&nbsp;&nbsp;<\/p>\n\n\n\n<p>Platforma BFT pozwala na tworzenie raport\u00f3w finansowych daj\u0105cych kompleksow\u0105 informacj\u0119 na temat sp\u00f3\u0142ek, w tym szczeg\u00f3\u0142owe informacje na temat opublikowanych raport\u00f3w z rynku ameryka\u0144skiego (ponad 20 tys. unikalnych wska\u017anik\u00f3w per raport). Rozwi\u0105zanie pozwala na importowanie danych, raport\u00f3w XBRL (ESEF) do serwisu BFT24, gdzie informacje przedstawione s\u0105 w spos\u00f3b czytelny w formie tabeli lub \u201edrzewa\u201d.&nbsp;&nbsp;&nbsp;&nbsp;&nbsp;&nbsp;&nbsp;&nbsp;&nbsp;&nbsp;&nbsp;&nbsp;&nbsp;&nbsp;&nbsp;&nbsp;&nbsp;&nbsp;&nbsp;&nbsp;&nbsp;&nbsp;&nbsp;&nbsp;&nbsp;&nbsp;&nbsp;&nbsp;&nbsp;&nbsp;&nbsp;&nbsp;&nbsp;&nbsp;&nbsp;&nbsp;&nbsp;&nbsp;&nbsp;&nbsp;&nbsp;&nbsp;&nbsp;&nbsp;&nbsp;&nbsp;&nbsp;&nbsp;&nbsp;&nbsp;&nbsp;&nbsp;&nbsp;&nbsp;&nbsp;&nbsp;&nbsp;&nbsp; <\/p>\n\n\n\n<p>Innowacyjno\u015b\u0107 platformy BFT polega nie tylko na wdro\u017ceniu nowej sprawozdawczo\u015bci ESEF, ale wprowadzeniu unikalnych mechanizm\u00f3w zwi\u0105zanych z weryfikacj\u0105 danych i analizy opartych o globalny zbi\u00f3r sprawozda\u0144. Platforma BFT w odr\u00f3\u017cnieniu od istniej\u0105cych rozwi\u0105za\u0144 dokonuje weryfikacji i\u00a0poprawno\u015bci dokumentu bior\u0105c pod uwag\u0119 inne raporty z\u0142o\u017cone przez firmy z tego samego sektora (makro). Utworzone wska\u017aniki oparte o szeroko rozumiany algorytmy Machine Learning (ML), umo\u017cliwiaj\u0105 wskazanie obszaru charakteryzuj\u0105cego si\u0119 du\u017cym prawdopodobie\u0144stwem b\u0142\u0119du. Modu\u0142 ML jest zintegrowany z platform\u0105. Dzi\u0119ki takiemu zabiegowi u\u017cytkownicy systemu dostaj\u0105 pot\u0119\u017cne narz\u0119dzie analityczne. Maj\u0105 mo\u017cliwo\u015b\u0107 budowania modeli statystycznych bezpo\u015brednio na danych, bez potrzeby ich ekstrakcji. Otrzymuj\u0105 platform\u0119, dzi\u0119ki kt\u00f3rej mog\u0105 r\u00f3wnie\u017c tworzy\u0107 w\u0142asne unikalne wska\u017aniki.<\/p>\n\n\n\n<p><\/p>\n\n\n\n<figure class=\"wp-block-image size-large\"><img decoding=\"async\" loading=\"lazy\" width=\"1024\" height=\"156\" src=\"https:\/\/bft24.com\/page\/wp-content\/uploads\/2022\/03\/logu_UE-1024x156.jpg\" alt=\"\" class=\"wp-image-232\" srcset=\"https:\/\/bft24.com\/page\/wp-content\/uploads\/2022\/03\/logu_UE-1024x156.jpg 1024w, https:\/\/bft24.com\/page\/wp-content\/uploads\/2022\/03\/logu_UE-300x46.jpg 300w, https:\/\/bft24.com\/page\/wp-content\/uploads\/2022\/03\/logu_UE-768x117.jpg 768w, https:\/\/bft24.com\/page\/wp-content\/uploads\/2022\/03\/logu_UE.jpg 1281w\" sizes=\"(max-width: 1024px) 100vw, 1024px\" \/><\/figure>\n","protected":false},"excerpt":{"rendered":"<p>XBRL&nbsp;(ang.&nbsp;Extensible Business Reporting Language)jest to rozszerzalny j\u0119zyk sprawozdawczo\u015bci finansowej. Zosta\u0142 stworzony w celu ujednolicenia i uproszczenia j\u0119zyka sprawozdawczo\u015bci finansowej, do wymiany informacji, danych finansowych i biznesowych. Przy\u015bpiesza raportowanie oraz analiz\u0119 tych informacji.&nbsp; &nbsp;&nbsp;&nbsp;&nbsp;&nbsp;&nbsp;&nbsp;&nbsp;&nbsp;&nbsp;&nbsp;&nbsp;&nbsp;&nbsp;&nbsp;&nbsp;&nbsp;&nbsp;&nbsp;&nbsp;&nbsp;&nbsp;&nbsp;&nbsp;&nbsp;&nbsp;&nbsp;&nbsp;&nbsp;&nbsp;&nbsp;&nbsp;&nbsp;&nbsp;&nbsp;&nbsp;&nbsp;&nbsp;&nbsp;&nbsp;&nbsp;&nbsp;&nbsp;&nbsp;&nbsp;&nbsp;&nbsp;&nbsp;&nbsp;&nbsp; &nbsp;Zgodnie z rozporz\u0105dzeniem Komisji Europejskiej pocz\u0105wszy od dnia 01.01.2020 r. jednostki b\u0119d\u0105ce emitentami papier\u00f3w warto\u015bciowych dopuszczonych do obrotu na rynkach regulowanych na<a href=\"https:\/\/bft24.com\/page\/?page_id=390\">[&#8230;]<\/a><\/p>\n","protected":false},"author":1,"featured_media":42,"parent":468,"menu_order":0,"comment_status":"closed","ping_status":"closed","template":"","meta":[],"_links":{"self":[{"href":"https:\/\/bft24.com\/page\/index.php?rest_route=\/wp\/v2\/pages\/390"}],"collection":[{"href":"https:\/\/bft24.com\/page\/index.php?rest_route=\/wp\/v2\/pages"}],"about":[{"href":"https:\/\/bft24.com\/page\/index.php?rest_route=\/wp\/v2\/types\/page"}],"author":[{"embeddable":true,"href":"https:\/\/bft24.com\/page\/index.php?rest_route=\/wp\/v2\/users\/1"}],"replies":[{"embeddable":true,"href":"https:\/\/bft24.com\/page\/index.php?rest_route=%2Fwp%2Fv2%2Fcomments&post=390"}],"version-history":[{"count":3,"href":"https:\/\/bft24.com\/page\/index.php?rest_route=\/wp\/v2\/pages\/390\/revisions"}],"predecessor-version":[{"id":514,"href":"https:\/\/bft24.com\/page\/index.php?rest_route=\/wp\/v2\/pages\/390\/revisions\/514"}],"up":[{"embeddable":true,"href":"https:\/\/bft24.com\/page\/index.php?rest_route=\/wp\/v2\/pages\/468"}],"wp:featuredmedia":[{"embeddable":true,"href":"https:\/\/bft24.com\/page\/index.php?rest_route=\/wp\/v2\/media\/42"}],"wp:attachment":[{"href":"https:\/\/bft24.com\/page\/index.php?rest_route=%2Fwp%2Fv2%2Fmedia&parent=390"}],"curies":[{"name":"wp","href":"https:\/\/api.w.org\/{rel}","templated":true}]}}