{"id":388,"date":"2022-11-08T16:06:29","date_gmt":"2022-11-08T16:06:29","guid":{"rendered":"https:\/\/bft24.com\/page\/?page_id=388"},"modified":"2022-11-08T22:03:49","modified_gmt":"2022-11-08T22:03:49","slug":"esef","status":"publish","type":"page","link":"https:\/\/bft24.com\/page\/?page_id=388","title":{"rendered":"Sprawozdawczo\u015b\u0107 ESEF"},"content":{"rendered":"\n<p>ESEF czyli Jednolity Europejski Format Raportowania (ang. European Single Electronic Format) to nowy wym\u00f3g dotycz\u0105cy formy, w jakiej s\u0105 tworzone roczne sprawozdania finansowe sp\u00f3\u0142ek notowanych na rynkach regulowanych Unii Europejskiej. Wym\u00f3g dotyczy wszystkich podmiot\u00f3w, emitent\u00f3w z Unii Europejskiej, kt\u00f3rych papiery warto\u015bciowe zosta\u0142y dopuszczone do obrotu na rynku regulowanym na terytorium UE. W Polsce to sp\u00f3\u0142ki rynku g\u0142\u00f3wnego Gie\u0142dy Papier\u00f3w Warto\u015bciowych.<\/p>\n\n\n\n<p>Pocz\u0105wszy od dnia 1 stycznia 2020 r. jednostki b\u0119d\u0105ce emitentami papier\u00f3w warto\u015bciowych dopuszczonych do obrotu na rynku regulowanym na terytorium Unii Europejskiej zgodnie z rozporz\u0105dzeniem Komisji Europejskiej maj\u0105 obowi\u0105zek sporz\u0105dzania raport\u00f3w rocznych w jednolitym europejskim formacie raportowania (ESEF).W Polsce w zwi\u0105zku z pandemi\u0105 COVID-19, Ministerstwo Finans\u00f3w oraz Urz\u0105d Komisji Nadzoru Finansowego zdecydowa\u0142y o odsuni\u0119ciu o rok obowi\u0105zku stosowania ESEF tj. wprowadzeniu nowych regulacji od dnia 1 stycznia 2021 roku.&nbsp;<\/p>\n\n\n\n<p>Zgodnie z nowymi wymogami wszystkie raporty roczne emitent\u00f3w maj\u0105 by\u0107 sporz\u0105dzone w formacie XHTML, dzi\u0119ki czemu mog\u0105 by\u0107 otwierane i przegl\u0105dane przy pomocy standardowej przegl\u0105darki internetowej.&nbsp; Nowe wytyczne nakazuj\u0105 r\u00f3wnie\u017c, aby wszystkie skonsolidowane roczne sprawozdania finansowe by\u0142y sporz\u0105dzone zgodnie z Mi\u0119dzynarodowymi Standardami Sprawozdawczo\u015bci Finansowej (MSSF) i znakowane (tagowane) przy u\u017cyciu j\u0119zyka znacznik\u00f3w XBRL.Znaczniki XBRL maj\u0105 by\u0107 umieszczone w ujednoliconym dokumencie XHTML przy u\u017cyciu specyfikacji standardu Inline XBRL (iXBRL), kt\u00f3ry umo\u017cliwia poprawne wy\u015bwietlanie sprawozda\u0144 w XBRL w przegl\u0105darce internetowej.&nbsp;<\/p>\n\n\n\n<figure class=\"wp-block-image size-large is-resized\"><img decoding=\"async\" loading=\"lazy\" src=\"https:\/\/bft24.com\/page\/wp-content\/uploads\/2022\/11\/ladowanie.png\" alt=\"\" class=\"wp-image-509\" width=\"295\" height=\"351\" srcset=\"https:\/\/bft24.com\/page\/wp-content\/uploads\/2022\/11\/ladowanie.png 536w, https:\/\/bft24.com\/page\/wp-content\/uploads\/2022\/11\/ladowanie-252x300.png 252w\" sizes=\"(max-width: 295px) 100vw, 295px\" \/><figcaption><em><sup>Przyk\u0142ad tworzenia raportu z zewn\u0119trznych plik\u00f3w (doc i xls)<\/sup><\/em><\/figcaption><\/figure>\n\n\n\n<p><\/p>\n\n\n\n<p>Taksonomia, kt\u00f3ra ma by\u0107 stosowana &#8211; czyli pewnego rodzaju s\u0142ownik do znakowania danych w sprawozdaniach w standardzie XBRL, kt\u00f3ry zawiera informacje, definicje okre\u015blaj\u0105ce i klasyfikuj\u0105ce wszystkie poj\u0119cia wyst\u0119puj\u0105ce w sprawozdaniu finansowym &#8211;&nbsp; ma stanowi\u0107 rozszerzenie taksonomii MSSF opracowanej przez Fundacj\u0119 MSSF.<\/p>\n\n\n\n<figure class=\"wp-block-image size-large\"><img decoding=\"async\" loading=\"lazy\" width=\"1024\" height=\"496\" src=\"https:\/\/bft24.com\/page\/wp-content\/uploads\/2022\/11\/weryfikuj-1024x496.png\" alt=\"\" class=\"wp-image-507\" srcset=\"https:\/\/bft24.com\/page\/wp-content\/uploads\/2022\/11\/weryfikuj-1024x496.png 1024w, https:\/\/bft24.com\/page\/wp-content\/uploads\/2022\/11\/weryfikuj-300x145.png 300w, https:\/\/bft24.com\/page\/wp-content\/uploads\/2022\/11\/weryfikuj-768x372.png 768w, https:\/\/bft24.com\/page\/wp-content\/uploads\/2022\/11\/weryfikuj.png 1503w\" sizes=\"(max-width: 1024px) 100vw, 1024px\" \/><figcaption><em><sup>Walidacja za\u0142adowanego raportu<\/sup><\/em><\/figcaption><\/figure>\n\n\n\n<p>Sprawozdawczo\u015b\u0107 finansowa w ESEF sprawia, \u017ce raportowanie jest dok\u0142adniejsze i bardziej wydajne. Sp\u00f3\u0142ki publikuj\u0105ce raporty maj\u0105 pewno\u015b\u0107, \u017ce informacje zawarte w sprawozdaniach s\u0105 szczeg\u00f3\u0142owe i rzetelne (gwarantuje to m.in. badanie przez bieg\u0142ego rewidenta), a podmioty korzystaj\u0105ce z informacji zawartych w sprawozdaniach maj\u0105 pewno\u015b\u0107 co do zgodno\u015bci i wiarygodno\u015bci poszczeg\u00f3lnych precyzyjnie zdefiniowanych element\u00f3w sprawozda\u0144. W pierwszej chwili wszystko to brzmi do\u015b\u0107 skomplikowanie, jednak aktualnie opracowanych jest wiele r\u00f3\u017cnych narz\u0119dzi, kt\u00f3re maj\u0105 wspiera\u0107 firmy w realizacji tego przedsi\u0119wzi\u0119cia.<\/p>\n\n\n\n<p><\/p>\n\n\n\n<figure class=\"wp-block-image size-large\"><img decoding=\"async\" loading=\"lazy\" width=\"1024\" height=\"604\" src=\"https:\/\/bft24.com\/page\/wp-content\/uploads\/2022\/11\/weryfikuj_2-1024x604.png\" alt=\"\" class=\"wp-image-508\" srcset=\"https:\/\/bft24.com\/page\/wp-content\/uploads\/2022\/11\/weryfikuj_2-1024x604.png 1024w, https:\/\/bft24.com\/page\/wp-content\/uploads\/2022\/11\/weryfikuj_2-300x177.png 300w, https:\/\/bft24.com\/page\/wp-content\/uploads\/2022\/11\/weryfikuj_2-768x453.png 768w, https:\/\/bft24.com\/page\/wp-content\/uploads\/2022\/11\/weryfikuj_2-1536x906.png 1536w, https:\/\/bft24.com\/page\/wp-content\/uploads\/2022\/11\/weryfikuj_2.png 1555w\" sizes=\"(max-width: 1024px) 100vw, 1024px\" \/><figcaption><em><sup>Wynik walidacji raportu w platformie BFT24<\/sup><\/em><\/figcaption><\/figure>\n\n\n\n<p><\/p>\n\n\n\n<figure class=\"wp-block-image size-large\"><img decoding=\"async\" loading=\"lazy\" width=\"1024\" height=\"156\" src=\"https:\/\/bft24.com\/page\/wp-content\/uploads\/2022\/03\/logu_UE-1024x156.jpg\" alt=\"\" class=\"wp-image-232\" srcset=\"https:\/\/bft24.com\/page\/wp-content\/uploads\/2022\/03\/logu_UE-1024x156.jpg 1024w, https:\/\/bft24.com\/page\/wp-content\/uploads\/2022\/03\/logu_UE-300x46.jpg 300w, https:\/\/bft24.com\/page\/wp-content\/uploads\/2022\/03\/logu_UE-768x117.jpg 768w, https:\/\/bft24.com\/page\/wp-content\/uploads\/2022\/03\/logu_UE.jpg 1281w\" sizes=\"(max-width: 1024px) 100vw, 1024px\" \/><\/figure>\n\n\n\n<p id=\"block-22cfa6ef-3df1-4d52-973d-4ed13036d784\">.&nbsp; &nbsp;&nbsp;&nbsp;&nbsp;&nbsp;&nbsp;&nbsp;&nbsp;&nbsp;&nbsp;&nbsp;&nbsp;&nbsp;&nbsp;&nbsp;&nbsp;&nbsp;&nbsp;&nbsp;&nbsp;&nbsp;&nbsp;&nbsp;&nbsp;&nbsp;&nbsp;&nbsp;&nbsp;&nbsp;&nbsp;&nbsp;&nbsp;&nbsp;&nbsp;&nbsp;&nbsp;&nbsp;&nbsp;&nbsp;&nbsp;&nbsp;&nbsp;&nbsp;&nbsp;&nbsp;&nbsp;&nbsp;&nbsp;&nbsp;&nbsp;<\/p>\n","protected":false},"excerpt":{"rendered":"<p>ESEF czyli Jednolity Europejski Format Raportowania (ang. European Single Electronic Format) to nowy wym\u00f3g dotycz\u0105cy formy, w jakiej s\u0105 tworzone roczne sprawozdania finansowe sp\u00f3\u0142ek notowanych na rynkach regulowanych Unii Europejskiej. Wym\u00f3g dotyczy wszystkich podmiot\u00f3w, emitent\u00f3w z Unii Europejskiej, kt\u00f3rych papiery warto\u015bciowe zosta\u0142y dopuszczone do obrotu na rynku regulowanym na terytorium UE. W Polsce to sp\u00f3\u0142ki<a href=\"https:\/\/bft24.com\/page\/?page_id=388\">[&#8230;]<\/a><\/p>\n","protected":false},"author":1,"featured_media":130,"parent":468,"menu_order":0,"comment_status":"closed","ping_status":"closed","template":"","meta":[],"_links":{"self":[{"href":"https:\/\/bft24.com\/page\/index.php?rest_route=\/wp\/v2\/pages\/388"}],"collection":[{"href":"https:\/\/bft24.com\/page\/index.php?rest_route=\/wp\/v2\/pages"}],"about":[{"href":"https:\/\/bft24.com\/page\/index.php?rest_route=\/wp\/v2\/types\/page"}],"author":[{"embeddable":true,"href":"https:\/\/bft24.com\/page\/index.php?rest_route=\/wp\/v2\/users\/1"}],"replies":[{"embeddable":true,"href":"https:\/\/bft24.com\/page\/index.php?rest_route=%2Fwp%2Fv2%2Fcomments&post=388"}],"version-history":[{"count":9,"href":"https:\/\/bft24.com\/page\/index.php?rest_route=\/wp\/v2\/pages\/388\/revisions"}],"predecessor-version":[{"id":531,"href":"https:\/\/bft24.com\/page\/index.php?rest_route=\/wp\/v2\/pages\/388\/revisions\/531"}],"up":[{"embeddable":true,"href":"https:\/\/bft24.com\/page\/index.php?rest_route=\/wp\/v2\/pages\/468"}],"wp:featuredmedia":[{"embeddable":true,"href":"https:\/\/bft24.com\/page\/index.php?rest_route=\/wp\/v2\/media\/130"}],"wp:attachment":[{"href":"https:\/\/bft24.com\/page\/index.php?rest_route=%2Fwp%2Fv2%2Fmedia&parent=388"}],"curies":[{"name":"wp","href":"https:\/\/api.w.org\/{rel}","templated":true}]}}