{"id":180,"date":"2021-12-23T17:51:17","date_gmt":"2021-12-23T17:51:17","guid":{"rendered":"https:\/\/bft24.com\/page\/?page_id=180"},"modified":"2022-11-08T15:12:30","modified_gmt":"2022-11-08T15:12:30","slug":"aktualnie-poszukujemy","status":"publish","type":"page","link":"https:\/\/bft24.com\/page\/?page_id=180","title":{"rendered":"Aktualnie poszukujemy"},"content":{"rendered":"<p><a name=\"start\"><\/a><\/p>\n<p>\u00a0<\/p>\n<p>W zwi\u0105zku z realizacj\u0105 projektu Projektu: \u201e<em>BlockChain Financial Platform\u201d<\/em> wsp\u00f3\u0142finansowanego z Funduszy Europejskich (Program Operacyjny Polska Wschodnia 2014-2020).<\/p>\n<p>Poszukujemy nast\u0119puj\u0105ce osoby:<\/p>\n<ul>\n<li><a href=\"#ofe1\">Lider Projektu \/ Architekt JAVA<\/a><\/li>\n<li><a href=\"#ofe2\">Starszy Programista JAVA (Instanty XBRL)<\/a><\/li>\n<li><a href=\"#ofe3\">Starszy Programista JAVA (Blockchain + XBRL)<\/a><\/li>\n<li><a href=\"#ofe_ds\">Data Science (Integracja ML i modele)<\/a><\/li>\n<li><a href=\"#ofe_devops\">DevOps (Chmura + Integracja ML)<\/a><\/li>\n<li><a href=\"#ofe_jun1\">Junior Java Developer 1<\/a><\/li>\n<li><a href=\"#ofe_jun2\">Junior Java Developer 2<\/a><\/li>\n<li><a href=\"#ofe_an\">Analityk Finansowy<\/a><\/li>\n<li><a href=\"#ofe_kam\">Key Account Manager<\/a><\/li>\n<\/ul>\n<p>Szczeg\u00f3\u0142y poni\u017cej<\/p>\n<p><a name=\"ofe1\"><\/a><\/p>\n<p>Wy\u015blij swoje CV na adres job@bft24.com w tytule prosz\u0119 umie\u015b\u0107 nazw\u0119 stanowiska. Podczas rekrutacji b\u0119dziemy wymaga\u0107 rozwi\u0105zania testu i\/lub zadania z obszaru z kt\u00f3rego aplikujesz.<\/p>\n<p><!-- ---------------------------------------------------------------------------- --><\/p>\n<p>\u00a0<\/p>\n<hr \/>\n<h3>Architekt Java \/ Lider Projektu<\/h3>\n<p><strong>Zakres obowi\u0105zk\u00f3w:<\/strong><\/p>\n<ul>\n<li>Projektowanie i\u00a0implementacja kompleksowych, wielowarstwowych aplikacji<\/li>\n<li>Analiza wymaga\u0144 do okre\u015blenia ram czasowych i kosztowych projekt\u00f3w<\/li>\n<li>Eliminacja potencjalnych zagro\u017ce\u0144, proponowanie rozwi\u0105za\u0144 i plan\u00f3w zapobiegania zagro\u017ceniom<\/li>\n<li>Definiowanie projekt\u00f3w system\u00f3w, architektury i opracowywanie najlepszych praktyk w celu poprawy wydajno\u015bci<\/li>\n<\/ul>\n<p><strong>Wymagania:<\/strong><\/p>\n<ul>\n<li>Wykszta\u0142cenie wy\u017csze<\/li>\n<li>Znajomo\u015b\u0107 j\u0119zyka angielskiego na poziomie zaawansowanym (co najmniej poziom B1)<\/li>\n<li>Minimum 10 lat do\u015bwiadczenia w tworzeniu architektury system\u00f3w IT<\/li>\n<li>Znajomo\u015b\u0107 j\u0119zyka Java i tworzenia architektury wielowarstwowej<\/li>\n<li>Mile widziana znajomo\u015b\u0107 PostgreSQL, Ignite, Sparc, Git<\/li>\n<\/ul>\n<p><strong>Oferujemy<\/strong>:<\/p>\n<ul>\n<li style=\"list-style-type: none;\">\n<ul>\n<li>Praca zdalna<\/li>\n<li>Elastyczne godziny pracy\u00a0<\/li>\n<\/ul>\n<\/li>\n<\/ul>\n<p><a name=\"ofe2\"><\/a><\/p>\n<p><a href=\"#start\">powr\u00f3t<\/a><\/p>\n<p><!-- ---------------------------------------------------------------------------- --><\/p>\n<hr \/>\n<h3>Starszy programista JAVA (Instanty XBRL)<\/h3>\n<p><strong>Zakres obowi\u0105zk\u00f3w:<\/strong><\/p>\n<ul>\n<li>Projektowanie i\u00a0implementacja kompleksowych, wielowarstwowych aplikacji<\/li>\n<li>Analiza wymaga\u0144 do okre\u015blenia ram czasowych i kosztowych projekt\u00f3w<\/li>\n<li>Eliminacja potencjalnych zagro\u017ce\u0144, proponowanie rozwi\u0105za\u0144 i plan\u00f3w zapobiegania zagro\u017ceniom<\/li>\n<\/ul>\n<p><strong>Wymagania:<\/strong><\/p>\n<ul>\n<li>Wykszta\u0142cenie wy\u017csze<\/li>\n<li>Znajomo\u015b\u0107 j\u0119zyka angielskiego &#8211; minimum poziom B1<\/li>\n<li>Minimum 5 lat do\u015bwiadczenia w tworzeniu architektury system\u00f3w IT<\/li>\n<li>Znajomo\u015b\u0107 j\u0119zyka Java i tworzenia architektury wielowarstwowej<\/li>\n<li>Wiedza na temat formatu XBRL, oraz do\u015bwiadczenie w budowaniu system\u00f3w przetwarzaj\u0105cych informacje finansowe<\/li>\n<li>Do\u015bwiadczenie w obszarze XBRL<\/li>\n<li>Mile widziana znajomo\u015b\u0107 PostgreSQL, Ignite, Sparc, Git<\/li>\n<\/ul>\n<p><strong>Oferujemy<\/strong>:<\/p>\n<ul>\n<li>Praca zdalna<\/li>\n<li>Elastyczne godziny pracy\u00a0 <a name=\"ofe3\"><\/a><\/li>\n<\/ul>\n<p><a href=\"#start\">powr\u00f3t<\/a><\/p>\n<p><!-- ---------------------------------------------------------------------------- --><\/p>\n<p>\u00a0<\/p>\n<hr \/>\n<h3>Starszy programista JAVA (Blockchain + XBRL)<\/h3>\n<p><strong>Zakres obowi\u0105zk\u00f3w:<\/strong><\/p>\n<ul>\n<li>Projektowanie i\u00a0implementacja kompleksowych, wielowarstwowych aplikacji<\/li>\n<li>Analiza wymaga\u0144 do okre\u015blenia ram czasowych i kosztowych projekt\u00f3w<\/li>\n<li>Eliminacja potencjalnych zagro\u017ce\u0144, proponowanie rozwi\u0105za\u0144 i plan\u00f3w zapobiegania zagro\u017ceniom<\/li>\n<\/ul>\n<p><strong>Wymagania:<\/strong><\/p>\n<ul>\n<li>Wykszta\u0142cenie wy\u017csze<\/li>\n<li>Znajomo\u015b\u0107 j\u0119zyka angielskiego &#8211; minimum poziom B1<\/li>\n<li>Minimum 5 lat do\u015bwiadczenia w tworzeniu architektury system\u00f3w IT<\/li>\n<li>Znajomo\u015b\u0107 j\u0119zyka Java i tworzenia architektury wielowarstwowej<\/li>\n<li>Wiedza na temat formatu XBRL, oraz do\u015bwiadczenie w budowaniu system\u00f3w przetwarzaj\u0105cych informacje finansowe<\/li>\n<li>Wiedza i praktyczne do\u015bwiadczenie przy tworzeniu system\u00f3w opartych o BlockChain i XBRL<\/li>\n<li>Mile widziana znajomo\u015b\u0107 PostgreSQL, Ignite, Sparc, Git<\/li>\n<\/ul>\n<p><strong>Oferujemy<\/strong>:<\/p>\n<ul>\n<li>Praca zdalna<\/li>\n<li>Elastyczne godziny pracy\u00a0 <a name=\"ofe_ds\"><\/a><\/li>\n<\/ul>\n<p><a href=\"#start\">powr\u00f3t<\/a><\/p>\n<p>\u00a0<\/p>\n<p><!-- ---------------------------------------------------------------------------- --><\/p>\n<p>\u00a0<\/p>\n<hr \/>\n<h3>Data Science (Integracja ML i modele)<\/h3>\n<p><strong>Zakres obowi\u0105zk\u00f3w:<\/strong><\/p>\n<ul>\n<li>Projektowanie i\u00a0implementacja kompleksowych, wielowarstwowych aplikacji<\/li>\n<li>Analiza danych i tworzenie algorytm\u00f3w Machine Learning<\/li>\n<li>Budowa modeli Machine Learningowych<\/li>\n<li>Wdra\u017canie i utrzymanie zbudowanych modeli<\/li>\n<li>Zbieranie wymaga\u0144 dla tworzonych modeli<\/li>\n<li>Identyfikacja danych i sposobu ich wykorzystania<\/li>\n<li>Implementacja proces\u00f3w<\/li>\n<\/ul>\n<p><strong>Wymagania:<\/strong><\/p>\n<ul>\n<li>Wykszta\u0142cenie wy\u017csze<\/li>\n<li>Znajomo\u015b\u0107 j\u0119zyka angielskiego &#8211; minimum poziom B1<\/li>\n<li>Minimum 2 lat do\u015bwiadczenia w tworzeniu system\u00f3w IT<\/li>\n<li>Znajomo\u015b\u0107 j\u0119zyka Python, Java i SQL<\/li>\n<li>Wiedza i do\u015bwiadczenie przy tworzeniu modeli Machine Learning (w tym integracji danych z r\u00f3\u017cnych \u017ar\u00f3de\u0142)<\/li>\n<li>Do\u015bwiadczenie w integracji r\u00f3\u017cnych \u017ar\u00f3de\u0142 danych<\/li>\n<li>Mile widziana znajomo\u015b\u0107 PostgreSQL, Ignite, Sparc, Git<\/li>\n<\/ul>\n<p><strong>Oferujemy<\/strong>:<\/p>\n<ul>\n<li>Praca zdalna<\/li>\n<li>Elastyczne godziny pracy\u00a0 <a name=\"ofe_devops\"><\/a><\/li>\n<\/ul>\n<p><a href=\"#start\">powr\u00f3t<\/a><\/p>\n<p><!-- ---------------------------------------------------------------------------- --><\/p>\n<p>\u00a0<\/p>\n<hr \/>\n<h3>DevOps (Chmura + Integracja ML)<\/h3>\n<p><strong>Zakres obowi\u0105zk\u00f3w:<\/strong><\/p>\n<ul>\n<li>Implementacja i utrzymanie tworzonych aplikacji<\/li>\n<li>Tworzenie polityki deployment&#8217;u<\/li>\n<li>Budowa modeli Machine Learningowych<\/li>\n<li>Wdra\u017canie i utrzymanie zbudowanych modeli<\/li>\n<li>Identyfikacja danych i sposobu ich wykorzystania<\/li>\n<\/ul>\n<p><strong>Wymagania:<\/strong><\/p>\n<ul>\n<li>Wykszta\u0142cenie wy\u017csze<\/li>\n<li>Znajomo\u015b\u0107 j\u0119zyka angielskiego &#8211; minimum poziom B1<\/li>\n<li>Minimum 2 lat do\u015bwiadczenia w tworzeniu system\u00f3w IT<\/li>\n<li>Znajomo\u015b\u0107 j\u0119zyka Python, Java i SQL<\/li>\n<li>Wiedza i praktyczne do\u015bwiadczenie przy tworzeniu modeli Machine Learning (w tym integracji danych z r\u00f3\u017cnych \u017ar\u00f3de\u0142)<\/li>\n<li>Wiedza i praktyczne do\u015bwiadczenie na temat rozwi\u0105za\u0144 chmurowych<\/li>\n<li>Do\u015bwiadczenie w zakresie utrzymania systemu i tworzenia modeli ML<\/li>\n<li>Mile widziana znajomo\u015b\u0107 PostgreSQL, Ignite, Sparc, Git, React<\/li>\n<\/ul>\n<p><strong>Oferujemy<\/strong>:<\/p>\n<ul>\n<li>Praca zdalna<\/li>\n<li>Elastyczne godziny pracy\u00a0 <a name=\"ofe_jun1\"><\/a><\/li>\n<\/ul>\n<p><a href=\"#start\">powr\u00f3t<\/a><\/p>\n<p>\u00a0<\/p>\n<p><!-- ---------------------------------------------------------------------------- --><\/p>\n<p>\u00a0<\/p>\n<hr \/>\n<h3>Junior Java Developer 1<\/h3>\n<p><strong>Zakres obowi\u0105zk\u00f3w:<\/strong><\/p>\n<ul>\n<li>Projektowanie modu\u0142\u00f3w aplikacji<\/li>\n<li>Implementacja i utrzymanie tworzonych aplikacji<\/li>\n<li>Tworzenie skrypt\u00f3w testowych<\/li>\n<\/ul>\n<p><strong>Wymagania:<\/strong><\/p>\n<ul>\n<li>Wykszta\u0142cenie wy\u017csze<\/li>\n<li>Znajomo\u015b\u0107 j\u0119zyka angielskiego &#8211; minimum poziom B1<\/li>\n<li>Minimum rok do\u015bwiadczenia w tworzeniu system\u00f3w IT<\/li>\n<li>Znajomo\u015b\u0107 j\u0119zyka Java\u00a0<\/li>\n<li>Wiedza i do\u015bwiadczenie na temat Modeli ML<\/li>\n<li>Mile widziana znajomo\u015b\u0107 PostgreSQL, Ignite, Sparc, Git, React, Python<\/li>\n<li>Mile widziona wiedza z dziedziny rynk\u00f3w finansowych<\/li>\n<\/ul>\n<p><strong>Oferujemy<\/strong>:<\/p>\n<ul>\n<li>Praca zdalna<\/li>\n<li>Elastyczne godziny pracy\u00a0 <a name=\"ofe_jun2\"><\/a><\/li>\n<\/ul>\n<p><a href=\"#start\">powr\u00f3t<\/a><\/p>\n<p>\u00a0<\/p>\n<p><!-- ---------------------------------------------------------------------------- --><\/p>\n<p>\u00a0<\/p>\n<hr \/>\n<h3>Junior Java Developer 2<\/h3>\n<p><strong>Zakres obowi\u0105zk\u00f3w:<\/strong><\/p>\n<ul>\n<li>Projektowanie modu\u0142\u00f3w aplikacji<\/li>\n<li>Implementacja i utrzymanie tworzonych aplikacji<\/li>\n<li>Tworzenie skrypt\u00f3w testowych<\/li>\n<\/ul>\n<p><strong>Wymagania:<\/strong><\/p>\n<ul>\n<li>Wykszta\u0142cenie wy\u017csze<\/li>\n<li>Znajomo\u015b\u0107 j\u0119zyka angielskiego &#8211; minimum poziom B1<\/li>\n<li>Minimum rok do\u015bwiadczenia w tworzeniu system\u00f3w IT<\/li>\n<li>Znajomo\u015b\u0107 j\u0119zyka Java\u00a0<\/li>\n<li>Wiedza i do\u015bwiadczenie na temat BlockChain<\/li>\n<li>Mile widziana znajomo\u015b\u0107 PostgreSQL, Ignite, Sparc, Git, React, Python<\/li>\n<li>Mile widziana wiedza z dziedziny rynk\u00f3w finansowych<\/li>\n<\/ul>\n<p><strong>Oferujemy<\/strong>:<\/p>\n<ul>\n<li>Praca zdalna<\/li>\n<li>Elastyczne godziny pracy\u00a0 <a name=\"ofe_an\"><\/a><\/li>\n<\/ul>\n<p><a href=\"#start\">powr\u00f3t<\/a><\/p>\n<p><!-- ---------------------------------------------------------------------------- --><\/p>\n<p>\u00a0<\/p>\n<hr \/>\n<h3>Analityk Finansowy<\/h3>\n<p><strong>Zakres obowi\u0105zk\u00f3w:<\/strong><\/p>\n<ul>\n<li>Identyfikacja danych finansowych<\/li>\n<li>Analiza tworzonych modeli ML (testowanie)<\/li>\n<li>Tworzenie przy wsp\u00f3\u0142pracy z zespo\u0142em wska\u017anik\u00f3w i modeli ML<\/li>\n<\/ul>\n<p><strong>Wymagania:<\/strong><\/p>\n<ul>\n<li>Wykszta\u0142cenie wy\u017csze ekonomiczne<\/li>\n<li>Minimum dwa lata do\u015bwiadczenia na stanowisku z obszaru finans\u00f3w\u00a0<\/li>\n<li>Znajomo\u015b\u0107 j\u0119zyka angielskiego &#8211; minimum poziom B1<\/li>\n<li>Znajomo\u015b\u0107 standardu XBRL<\/li>\n<li>Wiedza na temat rachunkowo\u015bci i rynk\u00f3w finansowych<\/li>\n<li>Mile widziana znajomo\u015b\u0107 programowania VBA\u00a0<\/li>\n<\/ul>\n<p><strong>Oferujemy<\/strong>:<\/p>\n<ul>\n<li>Praca zdalna<\/li>\n<li>Elastyczne godziny pracy\u00a0 <a name=\"ofe_kam\"><\/a><\/li>\n<\/ul>\n<p><a href=\"#start\">powr\u00f3t<\/a><\/p>\n<p>\u00a0<\/p>\n<p><!-- ---------------------------------------------------------------------------- --><\/p>\n<p>\u00a0<\/p>\n<hr \/>\n<h3>Key Account Manager<\/h3>\n<p><strong>Zakres obowi\u0105zk\u00f3w:<\/strong><\/p>\n<ul>\n<li>Tworzenie dzia\u0142u sprzeda\u017cy<\/li>\n<li>Pozyskiwanie Klient\u00f3w<\/li>\n<li>Budowa i utrzymywanie relacji z obecnymi Klientami i Parnerami<\/li>\n<\/ul>\n<p><strong>Wymagania:<\/strong><\/p>\n<ul>\n<li>Wykszta\u0142cenie wy\u017csze informatyczne, ekonomiczne lub prawne<\/li>\n<li>Minimum dwa lata do\u015bwiadczenia w obszarze sprzeda\u017cy\u00a0<\/li>\n<li>Znajomo\u015b\u0107 j\u0119zyka angielskiego &#8211; minimum poziom B1<\/li>\n<\/ul>\n<p><strong>Oferujemy<\/strong>:<\/p>\n<ul>\n<li>Praca zdalna<\/li>\n<li>Elastyczne godziny pracy\u00a0<\/li>\n<\/ul>\n<p><a href=\"#start\">powr\u00f3t<\/a><\/p>\n<p>\u00a0<\/p>\n<p>\u00a0<\/p>\n<hr \/>\n\n\n<figure class=\"wp-block-image size-large\"><img decoding=\"async\" loading=\"lazy\" width=\"1024\" height=\"156\" src=\"https:\/\/bft24.com\/page\/wp-content\/uploads\/2022\/03\/logu_UE-1024x156.jpg\" alt=\"\" class=\"wp-image-232\" srcset=\"https:\/\/bft24.com\/page\/wp-content\/uploads\/2022\/03\/logu_UE-1024x156.jpg 1024w, https:\/\/bft24.com\/page\/wp-content\/uploads\/2022\/03\/logu_UE-300x46.jpg 300w, https:\/\/bft24.com\/page\/wp-content\/uploads\/2022\/03\/logu_UE-768x117.jpg 768w, https:\/\/bft24.com\/page\/wp-content\/uploads\/2022\/03\/logu_UE.jpg 1281w\" sizes=\"(max-width: 1024px) 100vw, 1024px\" \/><\/figure>\n\n\n\n<p><\/p>\n","protected":false},"excerpt":{"rendered":"<p>\u00a0 W zwi\u0105zku z realizacj\u0105 projektu Projektu: \u201eBlockChain Financial Platform\u201d wsp\u00f3\u0142finansowanego z Funduszy Europejskich (Program Operacyjny Polska Wschodnia 2014-2020). Poszukujemy nast\u0119puj\u0105ce osoby: Lider Projektu \/ Architekt JAVA Starszy Programista JAVA (Instanty XBRL) Starszy Programista JAVA (Blockchain + XBRL) Data Science (Integracja ML i modele) DevOps (Chmura + Integracja ML) Junior Java Developer 1 Junior Java<a href=\"https:\/\/bft24.com\/page\/?page_id=180\">[&#8230;]<\/a><\/p>\n","protected":false},"author":1,"featured_media":0,"parent":0,"menu_order":0,"comment_status":"closed","ping_status":"closed","template":"template-fullwidth.php","meta":[],"_links":{"self":[{"href":"https:\/\/bft24.com\/page\/index.php?rest_route=\/wp\/v2\/pages\/180"}],"collection":[{"href":"https:\/\/bft24.com\/page\/index.php?rest_route=\/wp\/v2\/pages"}],"about":[{"href":"https:\/\/bft24.com\/page\/index.php?rest_route=\/wp\/v2\/types\/page"}],"author":[{"embeddable":true,"href":"https:\/\/bft24.com\/page\/index.php?rest_route=\/wp\/v2\/users\/1"}],"replies":[{"embeddable":true,"href":"https:\/\/bft24.com\/page\/index.php?rest_route=%2Fwp%2Fv2%2Fcomments&post=180"}],"version-history":[{"count":40,"href":"https:\/\/bft24.com\/page\/index.php?rest_route=\/wp\/v2\/pages\/180\/revisions"}],"predecessor-version":[{"id":387,"href":"https:\/\/bft24.com\/page\/index.php?rest_route=\/wp\/v2\/pages\/180\/revisions\/387"}],"wp:attachment":[{"href":"https:\/\/bft24.com\/page\/index.php?rest_route=%2Fwp%2Fv2%2Fmedia&parent=180"}],"curies":[{"name":"wp","href":"https:\/\/api.w.org\/{rel}","templated":true}]}}